{"id":140,"date":"2025-05-27T02:37:56","date_gmt":"2025-05-27T05:37:56","guid":{"rendered":"https:\/\/bamboorio.com.br\/?page_id=140"},"modified":"2025-08-21T09:52:43","modified_gmt":"2025-08-21T12:52:43","slug":"conozca-el-bamboo","status":"publish","type":"page","link":"https:\/\/bamboorio.com.br\/es\/conozca-el-bamboo\/","title":{"rendered":"Conozca el Bamboo"},"content":{"rendered":"\t\t<div data-elementor-type=\"wp-page\" data-elementor-id=\"140\" class=\"elementor elementor-140\" data-elementor-post-type=\"page\">\n\t\t\t\t<div class=\"elementor-element elementor-element-1e1acc1 e-flex e-con-boxed e-con e-parent\" data-id=\"1e1acc1\" data-element_type=\"container\">\n\t\t\t\t\t<div class=\"e-con-inner\">\n\t\t<div class=\"elementor-element elementor-element-9ec3aee e-con-full e-flex e-con e-child\" data-id=\"9ec3aee\" data-element_type=\"container\">\n\t\t\t\t<div class=\"elementor-element elementor-element-2335834 balanco elementor-widget elementor-widget-heading\" data-id=\"2335834\" data-element_type=\"widget\" data-widget_type=\"heading.default\">\n\t\t\t\t\t<h2 class=\"elementor-heading-title elementor-size-default\"><span class=\"destaque\">\u00a1Bienvenido a Bamboo Rio Hostel, el lugar perfecto para quienes quieren aprovechar al m\u00e1ximo la energ\u00eda de la Ciudad Maravillosa!<\/span><br>Ubicado en Copacabana, a solo 4 cuadras de la playa m\u00e1s famosa del mundo, somos el hostel m\u00e1s animado, acogedor y con la mejor relaci\u00f3n calidad-precio de R\u00edo de Janeiro.<br><br>Desde 2006, recibimos a viajeros de todo el mundo \u2013mochileros, n\u00f3madas digitales, surfistas, estudiantes y aventureros\u2013 que vienen a vivir la verdadera experiencia carioca. Aqu\u00ed no solo encontrar\u00e1s una cama para dormir, sino una comunidad llena de historias, amistad y diversi\u00f3n.<br><br><b>\u00bfPor qu\u00e9 elegir Bamboo Rio Hostel?<\/b><br><b>Ubicaci\u00f3n inmejorable:<\/b> en el coraz\u00f3n de Copacabana, cerca de bares, restaurantes, supermercados, cajeros autom\u00e1ticos y de la estaci\u00f3n de metro Siqueira Campos.<br><br><b>Nuestro equipo:<\/b> \u00a1pura energ\u00eda y siempre listo para ayudarte en lo que necesites! Desde el check-in hasta las recomendaciones de paseos, estamos aqu\u00ed para garantizar que tu viaje a R\u00edo de Janeiro sea perfecto.<br><br><b>Naturaleza + ciudad:<\/b> nuestra casa est\u00e1 al pie de la monta\u00f1a, rodeada de bosque e incluso de curiosos monos tit\u00ed, pero en una calle tranquila con seguridad 24h.<br><br><b>Comodidad garantizada:<\/b> habitaciones compartidas y privadas, todas con aire acondicionado y excelente mantenimiento.<br><br><b>Convivencia:<\/b> Bamboo Bar, piscina, zona de barbacoa y el bar de hostel m\u00e1s animado de Copacabana, con happy hour diario 2x1.<br><br><b>Fiestas y eventos:<\/b> alianzas con las mayores productoras de R\u00edo \u2013 entradas exclusivas para fiestas y raves (\u00a1a veces incluso gratis!).<br><br><b>Mejor relaci\u00f3n calidad-precio:<\/b> tours, paseos y descuentos en bares, gimnasios y mucho m\u00e1s.<br><br>Ya sea para relajarse despu\u00e9s de la playa, hacer amigos de todo el mundo o disfrutar de las mejores fiestas de la ciudad, Bamboo Rio Hostel es tu punto de encuentro en R\u00edo de Janeiro.<br><br>Descubre por qu\u00e9 los viajeros eligen quedarse en un hostel en R\u00edo de Janeiro y por qu\u00e9 Bamboo es un referente en alojamiento en Copacabana.<br><br><b>\u00a1Reserva ahora tu estancia y vive la verdadera experiencia carioca en Bamboo Rio Hostel!<\/b><\/h2>\t\t\t\t<\/div>\n\t\t\t\t<\/div>\n\t\t<div class=\"elementor-element elementor-element-448569f e-con-full e-flex e-con e-child\" data-id=\"448569f\" data-element_type=\"container\">\n\t\t\t\t<div class=\"elementor-element elementor-element-608c100 elementor-widget elementor-widget-image\" data-id=\"608c100\" data-element_type=\"widget\" data-widget_type=\"image.default\">\n\t\t\t\t\t\t\t\t\t\t\t\t\t\t\t<img fetchpriority=\"high\" decoding=\"async\" width=\"800\" height=\"534\" src=\"https:\/\/bamboorio.com.br\/es\/wp-content\/uploads\/2025\/08\/Fachada-3.png\" class=\"attachment-full size-full wp-image-1830\" alt=\"\" srcset=\"https:\/\/bamboorio.com.br\/es\/wp-content\/uploads\/2025\/08\/Fachada-3.png 800w, https:\/\/bamboorio.com.br\/es\/wp-content\/uploads\/2025\/08\/Fachada-3-300x200.png 300w, https:\/\/bamboorio.com.br\/es\/wp-content\/uploads\/2025\/08\/Fachada-3-768x513.png 768w\" sizes=\"(max-width: 800px) 100vw, 800px\" \/>\t\t\t\t\t\t\t\t\t\t\t\t\t\t\t<\/div>\n\t\t\t\t<div class=\"elementor-element elementor-element-9ad0bc9 elementor-widget elementor-widget-image\" data-id=\"9ad0bc9\" data-element_type=\"widget\" data-widget_type=\"image.default\">\n\t\t\t\t\t\t\t\t\t\t\t\t\t\t\t<img decoding=\"async\" width=\"800\" height=\"534\" src=\"https:\/\/bamboorio.com.br\/es\/wp-content\/uploads\/2025\/08\/Piscina.png\" class=\"attachment-full size-full wp-image-1831\" alt=\"\" srcset=\"https:\/\/bamboorio.com.br\/es\/wp-content\/uploads\/2025\/08\/Piscina.png 800w, https:\/\/bamboorio.com.br\/es\/wp-content\/uploads\/2025\/08\/Piscina-300x200.png 300w, https:\/\/bamboorio.com.br\/es\/wp-content\/uploads\/2025\/08\/Piscina-768x513.png 768w\" sizes=\"(max-width: 800px) 100vw, 800px\" \/>\t\t\t\t\t\t\t\t\t\t\t\t\t\t\t<\/div>\n\t\t\t\t<\/div>\n\t\t\t\t\t<\/div>\n\t\t\t\t<\/div>\n\t\t<div class=\"elementor-element elementor-element-b7d21fd e-flex e-con-boxed e-con e-parent\" data-id=\"b7d21fd\" data-element_type=\"container\" data-settings=\"{&quot;background_background&quot;:&quot;classic&quot;}\">\n\t\t\t\t\t<div class=\"e-con-inner\">\n\t\t\t\t<div class=\"elementor-element elementor-element-41b4679 balanco elementor-widget elementor-widget-heading\" data-id=\"41b4679\" data-element_type=\"widget\" data-widget_type=\"heading.default\">\n\t\t\t\t\t<h2 class=\"elementor-heading-title elementor-size-default\">Conozca m\u00e1s<\/h2>\t\t\t\t<\/div>\n\t\t\t\t<div class=\"elementor-element elementor-element-147a0bc balanco elementor-widget elementor-widget-heading\" data-id=\"147a0bc\" data-element_type=\"widget\" data-widget_type=\"heading.default\">\n\t\t\t\t\t<h2 class=\"elementor-heading-title elementor-size-default\"><span class=\"destaque\">Permanezca dentro de todo lo que ofrece nuestro albergue, <\/span> conociendo en detalle cada uno de nuestros espacios.<\/h2>\t\t\t\t<\/div>\n\t\t<div class=\"elementor-element elementor-element-60109c6 e-grid e-con-full e-con e-child\" data-id=\"60109c6\" data-element_type=\"container\">\n\t\t\t\t<div class=\"elementor-element elementor-element-64d0b65 elementor-position-top elementor-widget elementor-widget-image-box\" data-id=\"64d0b65\" data-element_type=\"widget\" data-widget_type=\"image-box.default\">\n\t\t\t\t\t<div class=\"elementor-image-box-wrapper\"><figure class=\"elementor-image-box-img\"><img decoding=\"async\" width=\"400\" height=\"242\" src=\"https:\/\/bamboorio.com.br\/es\/wp-content\/uploads\/2025\/06\/bamboo-rio-conheca-mais-02.webp\" class=\"attachment-full size-full wp-image-925\" alt=\"\" srcset=\"https:\/\/bamboorio.com.br\/es\/wp-content\/uploads\/2025\/06\/bamboo-rio-conheca-mais-02.webp 400w, https:\/\/bamboorio.com.br\/es\/wp-content\/uploads\/2025\/06\/bamboo-rio-conheca-mais-02-300x182.webp 300w\" sizes=\"(max-width: 400px) 100vw, 400px\" \/><\/figure><div class=\"elementor-image-box-content\"><h3 class=\"elementor-image-box-title\">Bamboo Bar<\/h3><p class=\"elementor-image-box-description\">Nuestro Bamboo Bar es el mejor lugar para relajarse con amigos, conocer gente nueva y degustar nuestras deliciosas bebidas. Si tienes hambre, no te preocupes: servimos el almuerzo, cada d\u00eda un plato diferente para disfrutar y por la noche una buena pizza y algunos bocadillos. \u00a1Ven a visitar nuestra fant\u00e1stica decoraci\u00f3n de bamb\u00fa!<\/p><\/div><\/div>\t\t\t\t<\/div>\n\t\t\t\t<div class=\"elementor-element elementor-element-b2005ca elementor-position-top elementor-widget elementor-widget-image-box\" data-id=\"b2005ca\" data-element_type=\"widget\" data-widget_type=\"image-box.default\">\n\t\t\t\t\t<div class=\"elementor-image-box-wrapper\"><figure class=\"elementor-image-box-img\"><img decoding=\"async\" width=\"800\" height=\"534\" src=\"https:\/\/bamboorio.com.br\/es\/wp-content\/uploads\/2025\/08\/Piscina.png\" class=\"attachment-full size-full wp-image-1831\" alt=\"\" srcset=\"https:\/\/bamboorio.com.br\/es\/wp-content\/uploads\/2025\/08\/Piscina.png 800w, https:\/\/bamboorio.com.br\/es\/wp-content\/uploads\/2025\/08\/Piscina-300x200.png 300w, https:\/\/bamboorio.com.br\/es\/wp-content\/uploads\/2025\/08\/Piscina-768x513.png 768w\" sizes=\"(max-width: 800px) 100vw, 800px\" \/><\/figure><div class=\"elementor-image-box-content\"><h3 class=\"elementor-image-box-title\">Piscina<\/h3><p class=\"elementor-image-box-description\">Ven y disfruta de nuestro espacio de relax. nada mejor que agarrar un solcito en nuestra piscina tomando uma helada.<\/p><\/div><\/div>\t\t\t\t<\/div>\n\t\t\t\t<div class=\"elementor-element elementor-element-e2ba8ea elementor-position-top elementor-widget elementor-widget-image-box\" data-id=\"e2ba8ea\" data-element_type=\"widget\" data-widget_type=\"image-box.default\">\n\t\t\t\t\t<div class=\"elementor-image-box-wrapper\"><figure class=\"elementor-image-box-img\"><img loading=\"lazy\" decoding=\"async\" width=\"400\" height=\"242\" src=\"https:\/\/bamboorio.com.br\/es\/wp-content\/uploads\/2025\/06\/bamboo-rio-conheca-mais-06.webp\" class=\"attachment-full size-full wp-image-929\" alt=\"\" srcset=\"https:\/\/bamboorio.com.br\/es\/wp-content\/uploads\/2025\/06\/bamboo-rio-conheca-mais-06.webp 400w, https:\/\/bamboorio.com.br\/es\/wp-content\/uploads\/2025\/06\/bamboo-rio-conheca-mais-06-300x182.webp 300w\" sizes=\"(max-width: 400px) 100vw, 400px\" \/><\/figure><div class=\"elementor-image-box-content\"><h3 class=\"elementor-image-box-title\">Dormitorios<\/h3><p class=\"elementor-image-box-description\">Tratamos de hacer nuestros dormitorios m\u00e1s c\u00f3modos en la ciudad. Tenemos aire acondicionado, ventiladores y armarios en todos ellos, lo que los hace aireados, seguros y con los mejores precios garantizados<\/p><\/div><\/div>\t\t\t\t<\/div>\n\t\t\t\t<div class=\"elementor-element elementor-element-6289bdd elementor-position-top elementor-widget elementor-widget-image-box\" data-id=\"6289bdd\" data-element_type=\"widget\" data-widget_type=\"image-box.default\">\n\t\t\t\t\t<div class=\"elementor-image-box-wrapper\"><figure class=\"elementor-image-box-img\"><img loading=\"lazy\" decoding=\"async\" width=\"2560\" height=\"1440\" src=\"https:\/\/bamboorio.com.br\/es\/wp-content\/uploads\/2025\/08\/Recepcao-scaled.jpg\" class=\"attachment-full size-full wp-image-1833\" alt=\"\" srcset=\"https:\/\/bamboorio.com.br\/es\/wp-content\/uploads\/2025\/08\/Recepcao-scaled.jpg 2560w, https:\/\/bamboorio.com.br\/es\/wp-content\/uploads\/2025\/08\/Recepcao-300x169.jpg 300w, https:\/\/bamboorio.com.br\/es\/wp-content\/uploads\/2025\/08\/Recepcao-1024x576.jpg 1024w, https:\/\/bamboorio.com.br\/es\/wp-content\/uploads\/2025\/08\/Recepcao-768x432.jpg 768w, https:\/\/bamboorio.com.br\/es\/wp-content\/uploads\/2025\/08\/Recepcao-1536x864.jpg 1536w, https:\/\/bamboorio.com.br\/es\/wp-content\/uploads\/2025\/08\/Recepcao-2048x1152.jpg 2048w\" sizes=\"(max-width: 2560px) 100vw, 2560px\" \/><\/figure><div class=\"elementor-image-box-content\"><h3 class=\"elementor-image-box-title\">Recepci\u00f3n<\/h3><p class=\"elementor-image-box-description\">\u00bfNecesitas informaci\u00f3n? Nuestro personal siempre estar\u00e1 a su servicio y encantado de darle la bienvenida. \u00a1T\u00fa eres la raz\u00f3n principal por la que estamos aqu\u00ed, y nuestro equipo lo sabe! Ser\u00e1 un placer ayudarte con lo que necesites. Aqu\u00ed tenemos toda la informaci\u00f3n sobre tours, noches, viajes y m\u00e1s.<\/p><\/div><\/div>\t\t\t\t<\/div>\n\t\t\t\t<div class=\"elementor-element elementor-element-1d2681a elementor-position-top elementor-widget elementor-widget-image-box\" data-id=\"1d2681a\" data-element_type=\"widget\" data-widget_type=\"image-box.default\">\n\t\t\t\t\t<div class=\"elementor-image-box-wrapper\"><figure class=\"elementor-image-box-img\"><img loading=\"lazy\" decoding=\"async\" width=\"400\" height=\"242\" src=\"https:\/\/bamboorio.com.br\/es\/wp-content\/uploads\/2025\/06\/bamboo-rio-conheca-mais-08.webp\" class=\"attachment-full size-full wp-image-931\" alt=\"\" srcset=\"https:\/\/bamboorio.com.br\/es\/wp-content\/uploads\/2025\/06\/bamboo-rio-conheca-mais-08.webp 400w, https:\/\/bamboorio.com.br\/es\/wp-content\/uploads\/2025\/06\/bamboo-rio-conheca-mais-08-300x182.webp 300w\" sizes=\"(max-width: 400px) 100vw, 400px\" \/><\/figure><div class=\"elementor-image-box-content\"><h3 class=\"elementor-image-box-title\">Privados<\/h3><p class=\"elementor-image-box-description\">Venga y visite nuestras habitaciones privadas, y sienta el placer y la privacidad de tener su propia suite, con aire acondicionado, ventilador y televisi\u00f3n por cable. Todo esto sin perder el lado social que ofrece el albergue.<\/p><\/div><\/div>\t\t\t\t<\/div>\n\t\t\t\t<div class=\"elementor-element elementor-element-76e030b elementor-position-top elementor-widget elementor-widget-image-box\" data-id=\"76e030b\" data-element_type=\"widget\" data-widget_type=\"image-box.default\">\n\t\t\t\t\t<div class=\"elementor-image-box-wrapper\"><figure class=\"elementor-image-box-img\"><img loading=\"lazy\" decoding=\"async\" width=\"400\" height=\"242\" src=\"https:\/\/bamboorio.com.br\/es\/wp-content\/uploads\/2025\/06\/bamboo-rio-conheca-mais-03.webp\" class=\"attachment-full size-full wp-image-926\" alt=\"\" srcset=\"https:\/\/bamboorio.com.br\/es\/wp-content\/uploads\/2025\/06\/bamboo-rio-conheca-mais-03.webp 400w, https:\/\/bamboorio.com.br\/es\/wp-content\/uploads\/2025\/06\/bamboo-rio-conheca-mais-03-300x182.webp 300w\" sizes=\"(max-width: 400px) 100vw, 400px\" \/><\/figure><div class=\"elementor-image-box-content\"><h3 class=\"elementor-image-box-title\">Cocina<\/h3><p class=\"elementor-image-box-description\">Si\u00e9ntase libre de preparar su propio bocadillo o crear su propio men\u00fa en nuestra cocina totalmente equipada. Nuestros condimentos especiales te est\u00e1n esperando!<\/p><\/div><\/div>\t\t\t\t<\/div>\n\t\t\t\t<div class=\"elementor-element elementor-element-7ec4118 elementor-position-top elementor-widget elementor-widget-image-box\" data-id=\"7ec4118\" data-element_type=\"widget\" data-widget_type=\"image-box.default\">\n\t\t\t\t\t<div class=\"elementor-image-box-wrapper\"><figure class=\"elementor-image-box-img\"><img loading=\"lazy\" decoding=\"async\" width=\"400\" height=\"242\" src=\"https:\/\/bamboorio.com.br\/es\/wp-content\/uploads\/2025\/06\/bamboo-rio-conheca-mais-05.webp\" class=\"attachment-full size-full wp-image-928\" alt=\"\" srcset=\"https:\/\/bamboorio.com.br\/es\/wp-content\/uploads\/2025\/06\/bamboo-rio-conheca-mais-05.webp 400w, https:\/\/bamboorio.com.br\/es\/wp-content\/uploads\/2025\/06\/bamboo-rio-conheca-mais-05-300x182.webp 300w\" sizes=\"(max-width: 400px) 100vw, 400px\" \/><\/figure><div class=\"elementor-image-box-content\"><h3 class=\"elementor-image-box-title\">Sala de TV<\/h3><p class=\"elementor-image-box-description\">Un lugar c\u00f3modo, junto a la recepci\u00f3n, donde puede televisi\u00f3n. Como tenemos televisi\u00f3n por cable, tambi\u00e9n puedes ver tu programa favorito e incluso partidos de f\u00fatbol, porque siempre compramos los partidos a trav\u00e9s del pay-per-view.<\/p><\/div><\/div>\t\t\t\t<\/div>\n\t\t\t\t<div class=\"elementor-element elementor-element-3d79dfe elementor-position-top elementor-widget elementor-widget-image-box\" data-id=\"3d79dfe\" data-element_type=\"widget\" data-widget_type=\"image-box.default\">\n\t\t\t\t\t<div class=\"elementor-image-box-wrapper\"><figure class=\"elementor-image-box-img\"><img loading=\"lazy\" decoding=\"async\" width=\"400\" height=\"242\" src=\"https:\/\/bamboorio.com.br\/es\/wp-content\/uploads\/2025\/06\/bamboo-rio-conheca-mais-04.webp\" class=\"attachment-full size-full wp-image-927\" alt=\"\" srcset=\"https:\/\/bamboorio.com.br\/es\/wp-content\/uploads\/2025\/06\/bamboo-rio-conheca-mais-04.webp 400w, https:\/\/bamboorio.com.br\/es\/wp-content\/uploads\/2025\/06\/bamboo-rio-conheca-mais-04-300x182.webp 300w\" sizes=\"(max-width: 400px) 100vw, 400px\" \/><\/figure><div class=\"elementor-image-box-content\"><h3 class=\"elementor-image-box-title\">Ba\u00f1os<\/h3><p class=\"elementor-image-box-description\">Nuestra mayor preocupaci\u00f3n es ofrecerle la mayor comodidad. Todas las habitaciones privadas tienen ba\u00f1os y tenemos una gran cantidad de ba\u00f1os bien cuidados para los que est\u00e1n en dormitorios compartidos.<\/p><\/div><\/div>\t\t\t\t<\/div>\n\t\t\t\t<\/div>\n\t\t\t\t\t<\/div>\n\t\t\t\t<\/div>\n\t\t\t\t<\/div>\n\t\t","protected":false},"excerpt":{"rendered":"<p>\u00a1Bienvenido a Bamboo Rio Hostel, el lugar perfecto para quienes quieren aprovechar al m\u00e1ximo la energ\u00eda de la Ciudad Maravillosa!Ubicado en Copacabana, a solo 4 cuadras de la playa m\u00e1s famosa del mundo, somos el hostel m\u00e1s animado, acogedor y con la mejor relaci\u00f3n calidad-precio de R\u00edo de Janeiro. Desde 2006, recibimos a viajeros de [&hellip;]<\/p>\n","protected":false},"author":1,"featured_media":0,"parent":0,"menu_order":0,"comment_status":"closed","ping_status":"closed","template":"elementor_header_footer","meta":{"footnotes":""},"class_list":["post-140","page","type-page","status-publish","hentry"],"_links":{"self":[{"href":"https:\/\/bamboorio.com.br\/es\/wp-json\/wp\/v2\/pages\/140","targetHints":{"allow":["GET"]}}],"collection":[{"href":"https:\/\/bamboorio.com.br\/es\/wp-json\/wp\/v2\/pages"}],"about":[{"href":"https:\/\/bamboorio.com.br\/es\/wp-json\/wp\/v2\/types\/page"}],"author":[{"embeddable":true,"href":"https:\/\/bamboorio.com.br\/es\/wp-json\/wp\/v2\/users\/1"}],"replies":[{"embeddable":true,"href":"https:\/\/bamboorio.com.br\/es\/wp-json\/wp\/v2\/comments?post=140"}],"version-history":[{"count":0,"href":"https:\/\/bamboorio.com.br\/es\/wp-json\/wp\/v2\/pages\/140\/revisions"}],"wp:attachment":[{"href":"https:\/\/bamboorio.com.br\/es\/wp-json\/wp\/v2\/media?parent=140"}],"curies":[{"name":"wp","href":"https:\/\/api.w.org\/{rel}","templated":true}]}}