{"id":184,"date":"2025-05-29T03:56:28","date_gmt":"2025-05-29T06:56:28","guid":{"rendered":"https:\/\/bamboorio.com.br\/?page_id=184"},"modified":"2025-06-11T03:36:13","modified_gmt":"2025-06-11T06:36:13","slug":"tour","status":"publish","type":"page","link":"https:\/\/bamboorio.com.br\/es\/tour\/","title":{"rendered":"Tour"},"content":{"rendered":"\t\t<div data-elementor-type=\"wp-page\" data-elementor-id=\"184\" class=\"elementor elementor-184\" data-elementor-post-type=\"page\">\n\t\t\t\t<div class=\"elementor-element elementor-element-79e7c2b e-flex e-con-boxed e-con e-parent\" data-id=\"79e7c2b\" data-element_type=\"container\" data-settings=\"{&quot;background_background&quot;:&quot;classic&quot;}\">\n\t\t\t\t\t<div class=\"e-con-inner\">\n\t\t\t\t<div class=\"elementor-element elementor-element-c0aeda1 balanco elementor-widget elementor-widget-heading\" data-id=\"c0aeda1\" data-element_type=\"widget\" data-widget_type=\"heading.default\">\n\t\t\t\t\t<h2 class=\"elementor-heading-title elementor-size-default\">Paseos y turismo<\/h2>\t\t\t\t<\/div>\n\t\t\t\t<div class=\"elementor-element elementor-element-8051367 balanco elementor-widget elementor-widget-heading\" data-id=\"8051367\" data-element_type=\"widget\" data-widget_type=\"heading.default\">\n\t\t\t\t\t<h2 class=\"elementor-heading-title elementor-size-default\">\u00a1Venga a conocer R\u00edo de Janeiro y sus bellezas a trav\u00e9s de agradables e interesantes paseos a los lugares m\u00e1s famosos del pa\u00eds, a un precio super especial!  Conozca los principales lugares de inter\u00e9s de la maravillosa ciudad <span class=\"destaque\">Realiza un CITY TOUR inolvidable.\n<span class=\"espacamento\"><\/span>\nConsulte precios y horarios en recepci\u00f3n.<\/span>\n<\/h2>\t\t\t\t<\/div>\n\t\t<div class=\"elementor-element elementor-element-ce00e31 e-grid e-con-full e-con e-child\" data-id=\"ce00e31\" data-element_type=\"container\">\n\t\t\t\t<div class=\"elementor-element elementor-element-6162ae5 elementor-position-top elementor-widget elementor-widget-image-box\" data-id=\"6162ae5\" data-element_type=\"widget\" data-widget_type=\"image-box.default\">\n\t\t\t\t\t<div class=\"elementor-image-box-wrapper\"><figure class=\"elementor-image-box-img\"><img decoding=\"async\" width=\"256\" height=\"154\" src=\"https:\/\/bamboorio.com.br\/es\/wp-content\/uploads\/2025\/05\/Dia-no-Rio.webp\" class=\"attachment-full size-full wp-image-745\" alt=\"\" \/><\/figure><div class=\"elementor-image-box-content\"><h3 class=\"elementor-image-box-title\">Dia en rio<\/h3><p class=\"elementor-image-box-description\">Recorrido por los principales lugares de inter\u00e9s en un d\u00eda: Cristo Redentor, Pan de Az\u00facar, Estadio Maracan\u00e3, Catedral, Samb\u00f3dromo, Lapa y Santa Teresa. Incluye almuerzo en un restaurante de carnes.<\/p><\/div><\/div>\t\t\t\t<\/div>\n\t\t\t\t<div class=\"elementor-element elementor-element-e286069 elementor-position-top elementor-widget elementor-widget-image-box\" data-id=\"e286069\" data-element_type=\"widget\" data-widget_type=\"image-box.default\">\n\t\t\t\t\t<div class=\"elementor-image-box-wrapper\"><figure class=\"elementor-image-box-img\"><img decoding=\"async\" width=\"256\" height=\"154\" src=\"https:\/\/bamboorio.com.br\/es\/wp-content\/uploads\/2025\/05\/Petropolis.webp\" class=\"attachment-full size-full wp-image-746\" alt=\"\" \/><\/figure><div class=\"elementor-image-box-content\"><h3 class=\"elementor-image-box-title\">Petropolis<\/h3><p class=\"elementor-image-box-description\">Ciudad imperial, ubicada a 75 km de R\u00edo: Museo Imperial, Museo de Cristal, Calle Tereza, Reloj de Flores y Casa de Santos Dummont.<\/p><\/div><\/div>\t\t\t\t<\/div>\n\t\t\t\t<div class=\"elementor-element elementor-element-af7f6a5 elementor-position-top elementor-widget elementor-widget-image-box\" data-id=\"af7f6a5\" data-element_type=\"widget\" data-widget_type=\"image-box.default\">\n\t\t\t\t\t<div class=\"elementor-image-box-wrapper\"><figure class=\"elementor-image-box-img\"><img decoding=\"async\" width=\"256\" height=\"154\" src=\"https:\/\/bamboorio.com.br\/es\/wp-content\/uploads\/2025\/05\/Favela-Tour.webp\" class=\"attachment-full size-full wp-image-747\" alt=\"\" \/><\/figure><div class=\"elementor-image-box-content\"><h3 class=\"elementor-image-box-title\">Favela Tour<\/h3><p class=\"elementor-image-box-description\">(Rocinha, Vidigal o Dona Marta)\n<span class=\"espacamento\"><\/span>\nPasee por la comunidad, visite galer\u00edas de arte, proyectos sociales y conozca el lado de la ciudad que no se muestra a los turistas<\/p><\/div><\/div>\t\t\t\t<\/div>\n\t\t\t\t<div class=\"elementor-element elementor-element-c1b1fd1 elementor-position-top elementor-widget elementor-widget-image-box\" data-id=\"c1b1fd1\" data-element_type=\"widget\" data-widget_type=\"image-box.default\">\n\t\t\t\t\t<div class=\"elementor-image-box-wrapper\"><figure class=\"elementor-image-box-img\"><img loading=\"lazy\" decoding=\"async\" width=\"256\" height=\"154\" src=\"https:\/\/bamboorio.com.br\/es\/wp-content\/uploads\/2025\/05\/Big-Dude-Tour.webp\" class=\"attachment-full size-full wp-image-748\" alt=\"\" \/><\/figure><div class=\"elementor-image-box-content\"><h3 class=\"elementor-image-box-title\">Tour de Big Dude<\/h3><p class=\"elementor-image-box-description\">S\u00e3o Conrado, Bosque de Tijuca, Cristo Redentor, Santa Teresa, Lapa y el mejor \u2013 Pan de Az\u00facar opcional (no incluye tarifa de entrada).<\/p><\/div><\/div>\t\t\t\t<\/div>\n\t\t\t\t<div class=\"elementor-element elementor-element-4ae52e4 elementor-position-top elementor-widget elementor-widget-image-box\" data-id=\"4ae52e4\" data-element_type=\"widget\" data-widget_type=\"image-box.default\">\n\t\t\t\t\t<div class=\"elementor-image-box-wrapper\"><figure class=\"elementor-image-box-img\"><img loading=\"lazy\" decoding=\"async\" width=\"256\" height=\"154\" src=\"https:\/\/bamboorio.com.br\/es\/wp-content\/uploads\/2025\/05\/Arraial-do-Cabo.webp\" class=\"attachment-full size-full wp-image-749\" alt=\"\" \/><\/figure><div class=\"elementor-image-box-content\"><h3 class=\"elementor-image-box-title\">Arraial do Cabo<\/h3><p class=\"elementor-image-box-description\">Pasee por las playas m\u00e1s hermosas de la zona con el viaje en barco y el almuerzo incluido.<\/p><\/div><\/div>\t\t\t\t<\/div>\n\t\t\t\t<div class=\"elementor-element elementor-element-b4aeb07 elementor-position-top elementor-widget elementor-widget-image-box\" data-id=\"b4aeb07\" data-element_type=\"widget\" data-widget_type=\"image-box.default\">\n\t\t\t\t\t<div class=\"elementor-image-box-wrapper\"><figure class=\"elementor-image-box-img\"><img loading=\"lazy\" decoding=\"async\" width=\"256\" height=\"154\" src=\"https:\/\/bamboorio.com.br\/es\/wp-content\/uploads\/2025\/05\/Buzios.webp\" class=\"attachment-full size-full wp-image-750\" alt=\"\" \/><\/figure><div class=\"elementor-image-box-content\"><h3 class=\"elementor-image-box-title\">B\u00fazios<\/h3><p class=\"elementor-image-box-description\">Uno de los centros tur\u00edsticos m\u00e1s famosos de Brasil. Pasee por las playas m\u00e1s hermosas de la zona con el viaje en barco y el almuerzo incluido.<\/p><\/div><\/div>\t\t\t\t<\/div>\n\t\t\t\t<div class=\"elementor-element elementor-element-ed82502 elementor-position-top elementor-widget elementor-widget-image-box\" data-id=\"ed82502\" data-element_type=\"widget\" data-widget_type=\"image-box.default\">\n\t\t\t\t\t<div class=\"elementor-image-box-wrapper\"><figure class=\"elementor-image-box-img\"><img loading=\"lazy\" decoding=\"async\" width=\"256\" height=\"154\" src=\"https:\/\/bamboorio.com.br\/es\/wp-content\/uploads\/2025\/05\/Angra-dos-Reis.webp\" class=\"attachment-full size-full wp-image-751\" alt=\"\" \/><\/figure><div class=\"elementor-image-box-content\"><h3 class=\"elementor-image-box-title\">Angra dos Reis<\/h3><p class=\"elementor-image-box-description\">(Isla Grande)\n<span class=\"espacamento\"><\/span>\nIsla paradis\u00edaca en la costa de R\u00edo. Pasee por las playas m\u00e1s hermosas de la regi\u00f3n con el viaje en barco y el almuerzo incluido.<\/p><\/div><\/div>\t\t\t\t<\/div>\n\t\t\t\t<div class=\"elementor-element elementor-element-4a48ac2 elementor-position-top elementor-widget elementor-widget-image-box\" data-id=\"4a48ac2\" data-element_type=\"widget\" data-widget_type=\"image-box.default\">\n\t\t\t\t\t<div class=\"elementor-image-box-wrapper\"><figure class=\"elementor-image-box-img\"><img loading=\"lazy\" decoding=\"async\" width=\"256\" height=\"154\" src=\"https:\/\/bamboorio.com.br\/es\/wp-content\/uploads\/2025\/05\/Asa-Delta.webp\" class=\"attachment-full size-full wp-image-752\" alt=\"\" \/><\/figure><div class=\"elementor-image-box-content\"><h3 class=\"elementor-image-box-title\">Ala Delta<\/h3><p class=\"elementor-image-box-description\">\u00a1Una experiencia inolvidable! Sobrevuele las playas, los monumentos y la hermosa ciudad de R\u00edo de Janeiro. Incluye seguro de vuelo, fotos y filmaci\u00f3n.<\/p><\/div><\/div>\t\t\t\t<\/div>\n\t\t\t\t<div class=\"elementor-element elementor-element-b6558bf elementor-position-top elementor-widget elementor-widget-image-box\" data-id=\"b6558bf\" data-element_type=\"widget\" data-widget_type=\"image-box.default\">\n\t\t\t\t\t<div class=\"elementor-image-box-wrapper\"><figure class=\"elementor-image-box-img\"><img loading=\"lazy\" decoding=\"async\" width=\"256\" height=\"154\" src=\"https:\/\/bamboorio.com.br\/es\/wp-content\/uploads\/2025\/05\/Escola-de-Samba.webp\" class=\"attachment-full size-full wp-image-753\" alt=\"\" \/><\/figure><div class=\"elementor-image-box-content\"><h3 class=\"elementor-image-box-title\">Escuela de Samba<\/h3><p class=\"elementor-image-box-description\">Cada sabado. Salgueiro \u2013 una de las escuelas de samba m\u00e1s famosas de R\u00edo de Janeiro. Precios a comprobar.<\/p><\/div><\/div>\t\t\t\t<\/div>\n\t\t\t\t<div class=\"elementor-element elementor-element-afd84e3 elementor-position-top elementor-widget elementor-widget-image-box\" data-id=\"afd84e3\" data-element_type=\"widget\" data-widget_type=\"image-box.default\">\n\t\t\t\t\t<div class=\"elementor-image-box-wrapper\"><figure class=\"elementor-image-box-img\"><img loading=\"lazy\" decoding=\"async\" width=\"256\" height=\"154\" src=\"https:\/\/bamboorio.com.br\/es\/wp-content\/uploads\/2025\/05\/Boat-Party.webp\" class=\"attachment-full size-full wp-image-754\" alt=\"\" \/><\/figure><div class=\"elementor-image-box-content\"><h3 class=\"elementor-image-box-title\">Fiesta en Barco<\/h3><p class=\"elementor-image-box-description\">Todos los lunes: las ni\u00f1as beben gratis hasta las 00:30, doble dosis para los chicos y mucha diversi\u00f3n en la bah\u00eda de R\u00edo de Janeiro.<\/p><\/div><\/div>\t\t\t\t<\/div>\n\t\t\t\t<div class=\"elementor-element elementor-element-d559555 elementor-position-top elementor-widget elementor-widget-image-box\" data-id=\"d559555\" data-element_type=\"widget\" data-widget_type=\"image-box.default\">\n\t\t\t\t\t<div class=\"elementor-image-box-wrapper\"><figure class=\"elementor-image-box-img\"><img loading=\"lazy\" decoding=\"async\" width=\"256\" height=\"154\" src=\"https:\/\/bamboorio.com.br\/es\/wp-content\/uploads\/2025\/05\/Rio-Scenarium.webp\" class=\"attachment-full size-full wp-image-756\" alt=\"\" \/><\/figure><div class=\"elementor-image-box-content\"><h3 class=\"elementor-image-box-title\">Rio Scenarium<\/h3><p class=\"elementor-image-box-description\">Bar tradicional de samba en Rio.<\/p><\/div><\/div>\t\t\t\t<\/div>\n\t\t\t\t<div class=\"elementor-element elementor-element-dac6932 elementor-position-top elementor-widget elementor-widget-image-box\" data-id=\"dac6932\" data-element_type=\"widget\" data-widget_type=\"image-box.default\">\n\t\t\t\t\t<div class=\"elementor-image-box-wrapper\"><figure class=\"elementor-image-box-img\"><img loading=\"lazy\" decoding=\"async\" width=\"256\" height=\"154\" src=\"https:\/\/bamboorio.com.br\/es\/wp-content\/uploads\/2025\/05\/Jogos-de-Futebol.webp\" class=\"attachment-full size-full wp-image-757\" alt=\"\" \/><\/figure><div class=\"elementor-image-box-content\"><h3 class=\"elementor-image-box-title\">Partidos de f\u00fatbol<\/h3><p class=\"elementor-image-box-description\">Juegos en Maracan\u00e3 y S\u00e3o Janu\u00e1rio. Consultar tarifas y horarios en recepci\u00f3n.<\/p><\/div><\/div>\t\t\t\t<\/div>\n\t\t\t\t<\/div>\n\t\t\t\t\t<\/div>\n\t\t\t\t<\/div>\n\t\t\t\t<\/div>\n\t\t","protected":false},"excerpt":{"rendered":"<p>Paseos y turismo \u00a1Venga a conocer R\u00edo de Janeiro y sus bellezas a trav\u00e9s de agradables e interesantes paseos a los lugares m\u00e1s famosos del pa\u00eds, a un precio super especial! Conozca los principales lugares de inter\u00e9s de la maravillosa ciudad Realiza un CITY TOUR inolvidable. Consulte precios y horarios en recepci\u00f3n. Dia en rio [&hellip;]<\/p>\n","protected":false},"author":1,"featured_media":0,"parent":0,"menu_order":0,"comment_status":"closed","ping_status":"closed","template":"elementor_header_footer","meta":{"footnotes":""},"class_list":["post-184","page","type-page","status-publish","hentry"],"_links":{"self":[{"href":"https:\/\/bamboorio.com.br\/es\/wp-json\/wp\/v2\/pages\/184","targetHints":{"allow":["GET"]}}],"collection":[{"href":"https:\/\/bamboorio.com.br\/es\/wp-json\/wp\/v2\/pages"}],"about":[{"href":"https:\/\/bamboorio.com.br\/es\/wp-json\/wp\/v2\/types\/page"}],"author":[{"embeddable":true,"href":"https:\/\/bamboorio.com.br\/es\/wp-json\/wp\/v2\/users\/1"}],"replies":[{"embeddable":true,"href":"https:\/\/bamboorio.com.br\/es\/wp-json\/wp\/v2\/comments?post=184"}],"version-history":[{"count":0,"href":"https:\/\/bamboorio.com.br\/es\/wp-json\/wp\/v2\/pages\/184\/revisions"}],"wp:attachment":[{"href":"https:\/\/bamboorio.com.br\/es\/wp-json\/wp\/v2\/media?parent=184"}],"curies":[{"name":"wp","href":"https:\/\/api.w.org\/{rel}","templated":true}]}}