{"id":449,"date":"2025-05-29T04:12:31","date_gmt":"2025-05-29T07:12:31","guid":{"rendered":"https:\/\/bamboorio.com.br\/?page_id=449"},"modified":"2025-12-27T12:18:18","modified_gmt":"2025-12-27T15:18:18","slug":"trabaja-con-nosotros","status":"publish","type":"page","link":"https:\/\/bamboorio.com.br\/es\/trabaja-con-nosotros\/","title":{"rendered":"Trabaja con nosotros"},"content":{"rendered":"\t\t<div data-elementor-type=\"wp-page\" data-elementor-id=\"449\" class=\"elementor elementor-449\" data-elementor-post-type=\"page\">\n\t\t\t\t<div class=\"elementor-element elementor-element-a6d8fd2 e-flex e-con-boxed e-con e-parent\" data-id=\"a6d8fd2\" data-element_type=\"container\">\n\t\t\t\t\t<div class=\"e-con-inner\">\n\t\t\t\t<div class=\"elementor-element elementor-element-4e04cbe elementor-widget elementor-widget-heading\" data-id=\"4e04cbe\" data-element_type=\"widget\" data-widget_type=\"heading.default\">\n\t\t\t\t\t<h2 class=\"elementor-heading-title elementor-size-default\">\u00danete a nuestro equipo<\/h2>\t\t\t\t<\/div>\n\t\t\t\t<div class=\"elementor-element elementor-element-78075f2 elementor-widget__width-initial elementor-widget-laptop__width-initial elementor-widget-mobile__width-inherit balanco elementor-widget elementor-widget-heading\" data-id=\"78075f2\" data-element_type=\"widget\" data-widget_type=\"heading.default\">\n\t\t\t\t\t<h2 class=\"elementor-heading-title elementor-size-default\">\u00bfTe has imaginado alguna vez trabajando a pocos pasos de la famosa playa de Copacabana?\nEn Bamboo Rio, esa es nuestra realidad. Somos m\u00e1s que un hostel: somos uno de los principales puntos de encuentro de la ciudad, donde la energ\u00eda vibrante de nuestros hu\u00e9spedes se conecta con la dedicaci\u00f3n de nuestro equipo.<br><br>Buscamos personas apasionadas por la hospitalidad y por el estilo de vida carioca, que quieran crecer junto a nosotros. Aqu\u00ed, nuestros valores gu\u00edan todo lo que hacemos cada d\u00eda.<br><br><b>En Bamboo, hacemos las cosas bien. Sin atajos, sin trucos. Somos un equipo que juega limpio, aprende juntos y crece juntos. Creemos en la <u>integridad, la evoluci\u00f3n continua y en las personas que cuidan el hostel como si fuera suyo. Cada detalle importa y cada acci\u00f3n cuenta \u2014 especialmente las positivas. La amabilidad, el buen humor y la responsabilidad forman parte del paquete.<\/u><\/b><br><br>Si te identificas con esta forma de trabajar y quieres construir tu carrera en un ambiente din\u00e1mico y desafiante \u2014 justo en el barrio m\u00e1s famoso de Brasil \u2014 este es tu lugar. \u00a1Ven con nosotros!<\/h2>\t\t\t\t<\/div>\n\t\t\t\t\t    \t            <a\n            href=\"https:\/\/forms.gle\/2LS3LAbfxDBgRZfu7\"\n            target=\"_self\"\n            class=\"e-8db3dd7-97a6d0a e-button-base\"\n             \n        >\n            Trabaja con Nosotros\n        <\/a>\n    \t\t\t\t\t<\/div>\n\t\t\t\t<\/div>\n\t\t\t\t<\/div>\n\t\t","protected":false},"excerpt":{"rendered":"<p>\u00danete a nuestro equipo \u00bfTe has imaginado alguna vez trabajando a pocos pasos de la famosa playa de Copacabana? En Bamboo Rio, esa es nuestra realidad. Somos m\u00e1s que un hostel: somos uno de los principales puntos de encuentro de la ciudad, donde la energ\u00eda vibrante de nuestros hu\u00e9spedes se conecta con la dedicaci\u00f3n de [&hellip;]<\/p>\n","protected":false},"author":1,"featured_media":0,"parent":0,"menu_order":0,"comment_status":"closed","ping_status":"closed","template":"elementor_header_footer","meta":{"footnotes":""},"class_list":["post-449","page","type-page","status-publish","hentry"],"_links":{"self":[{"href":"https:\/\/bamboorio.com.br\/es\/wp-json\/wp\/v2\/pages\/449","targetHints":{"allow":["GET"]}}],"collection":[{"href":"https:\/\/bamboorio.com.br\/es\/wp-json\/wp\/v2\/pages"}],"about":[{"href":"https:\/\/bamboorio.com.br\/es\/wp-json\/wp\/v2\/types\/page"}],"author":[{"embeddable":true,"href":"https:\/\/bamboorio.com.br\/es\/wp-json\/wp\/v2\/users\/1"}],"replies":[{"embeddable":true,"href":"https:\/\/bamboorio.com.br\/es\/wp-json\/wp\/v2\/comments?post=449"}],"version-history":[{"count":3,"href":"https:\/\/bamboorio.com.br\/es\/wp-json\/wp\/v2\/pages\/449\/revisions"}],"predecessor-version":[{"id":1991,"href":"https:\/\/bamboorio.com.br\/es\/wp-json\/wp\/v2\/pages\/449\/revisions\/1991"}],"wp:attachment":[{"href":"https:\/\/bamboorio.com.br\/es\/wp-json\/wp\/v2\/media?parent=449"}],"curies":[{"name":"wp","href":"https:\/\/api.w.org\/{rel}","templated":true}]}}