{"id":500,"date":"2025-05-29T19:41:03","date_gmt":"2025-05-29T22:41:03","guid":{"rendered":"https:\/\/bamboorio.com.br\/?page_id=500"},"modified":"2025-06-17T02:07:42","modified_gmt":"2025-06-17T05:07:42","slug":"blog","status":"publish","type":"page","link":"https:\/\/bamboorio.com.br\/es\/blog\/","title":{"rendered":"Blog"},"content":{"rendered":"\t\t<div data-elementor-type=\"wp-page\" data-elementor-id=\"500\" class=\"elementor elementor-500\" data-elementor-post-type=\"page\">\n\t\t\t\t<div class=\"elementor-element elementor-element-0077242 e-flex e-con-boxed e-con e-parent\" data-id=\"0077242\" data-element_type=\"container\">\n\t\t\t\t\t<div class=\"e-con-inner\">\n\t\t<div class=\"elementor-element elementor-element-a364b8e e-con-full e-flex e-con e-child\" data-id=\"a364b8e\" data-element_type=\"container\">\n\t\t\t\t<div class=\"elementor-element elementor-element-d40f02e elementor-grid-1 elementor-grid-tablet-2 elementor-grid-mobile-1 elementor-posts--thumbnail-top elementor-widget elementor-widget-posts\" data-id=\"d40f02e\" data-element_type=\"widget\" data-settings=\"{&quot;classic_columns&quot;:&quot;1&quot;,&quot;classic_row_gap&quot;:{&quot;unit&quot;:&quot;px&quot;,&quot;size&quot;:30,&quot;sizes&quot;:[]},&quot;classic_columns_tablet&quot;:&quot;2&quot;,&quot;classic_columns_mobile&quot;:&quot;1&quot;,&quot;classic_row_gap_widescreen&quot;:{&quot;unit&quot;:&quot;px&quot;,&quot;size&quot;:&quot;&quot;,&quot;sizes&quot;:[]},&quot;classic_row_gap_laptop&quot;:{&quot;unit&quot;:&quot;px&quot;,&quot;size&quot;:&quot;&quot;,&quot;sizes&quot;:[]},&quot;classic_row_gap_tablet&quot;:{&quot;unit&quot;:&quot;px&quot;,&quot;size&quot;:&quot;&quot;,&quot;sizes&quot;:[]},&quot;classic_row_gap_mobile&quot;:{&quot;unit&quot;:&quot;px&quot;,&quot;size&quot;:&quot;&quot;,&quot;sizes&quot;:[]}}\" data-widget_type=\"posts.classic\">\n\t\t\t\t<div class=\"elementor-widget-container\">\n\t\t\t\t\t\t\t<div class=\"elementor-posts-container elementor-posts elementor-posts--skin-classic elementor-grid\" role=\"list\">\n\t\t\t\t<article class=\"elementor-post elementor-grid-item post-1495 post type-post status-publish format-standard has-post-thumbnail hentry category-dicas-do-bamboo\" role=\"listitem\">\n\t\t\t\t<a class=\"elementor-post__thumbnail__link\" href=\"https:\/\/bamboorio.com.br\/es\/10-cosas-que-hacer-en-rio-en-un-dia-lluvioso\/\" tabindex=\"-1\" >\n\t\t\t<div class=\"elementor-post__thumbnail\"><img fetchpriority=\"high\" decoding=\"async\" width=\"1170\" height=\"500\" src=\"https:\/\/bamboorio.com.br\/es\/wp-content\/uploads\/2025\/06\/blog-rio-chuva.webp\" class=\"attachment-full size-full wp-image-1087\" alt=\"\" srcset=\"https:\/\/bamboorio.com.br\/es\/wp-content\/uploads\/2025\/06\/blog-rio-chuva.webp 1170w, https:\/\/bamboorio.com.br\/es\/wp-content\/uploads\/2025\/06\/blog-rio-chuva-300x128.webp 300w, https:\/\/bamboorio.com.br\/es\/wp-content\/uploads\/2025\/06\/blog-rio-chuva-1024x438.webp 1024w, https:\/\/bamboorio.com.br\/es\/wp-content\/uploads\/2025\/06\/blog-rio-chuva-768x328.webp 768w\" sizes=\"(max-width: 1170px) 100vw, 1170px\" \/><\/div>\n\t\t<\/a>\n\t\t\t\t<div class=\"elementor-post__text\">\n\t\t\t\t<h3 class=\"elementor-post__title\">\n\t\t\t<a href=\"https:\/\/bamboorio.com.br\/es\/10-cosas-que-hacer-en-rio-en-un-dia-lluvioso\/\" >\n\t\t\t\t10 cosas que hacer en R\u00edo en un d\u00eda lluvioso\t\t\t<\/a>\n\t\t<\/h3>\n\t\t\t\t<div class=\"elementor-post__excerpt\">\n\t\t\t<p>Cualquiera que planee un viaje a R\u00edo de Janeiro suele esperar sol de fondo. Pero si en lugar de eso llueve, \u00bfcu\u00e1l es el plan?<\/p>\n\t\t<\/div>\n\t\t\n\t\t<a class=\"elementor-post__read-more\" href=\"https:\/\/bamboorio.com.br\/es\/10-cosas-que-hacer-en-rio-en-un-dia-lluvioso\/\" aria-label=\"M\u00e1s informaci\u00f3n sobre 10 cosas que hacer en R\u00edo en un d\u00eda lluvioso\" tabindex=\"-1\" >\n\t\t\tLeer m\u00e1s \u00bb\t\t<\/a>\n\n\t\t\t\t<\/div>\n\t\t\t\t<\/article>\n\t\t\t\t<article class=\"elementor-post elementor-grid-item post-1488 post type-post status-publish format-standard has-post-thumbnail hentry category-dicas-do-bamboo\" role=\"listitem\">\n\t\t\t\t<a class=\"elementor-post__thumbnail__link\" href=\"https:\/\/bamboorio.com.br\/es\/5-comunidades-que-visitar-en-rio-de-janeiro\/\" tabindex=\"-1\" >\n\t\t\t<div class=\"elementor-post__thumbnail\"><img decoding=\"async\" width=\"1170\" height=\"500\" src=\"https:\/\/bamboorio.com.br\/es\/wp-content\/uploads\/2025\/06\/5-comunidades-para-visitar-no-rio-de-janeiro.webp\" class=\"attachment-full size-full wp-image-1092\" alt=\"\" srcset=\"https:\/\/bamboorio.com.br\/es\/wp-content\/uploads\/2025\/06\/5-comunidades-para-visitar-no-rio-de-janeiro.webp 1170w, https:\/\/bamboorio.com.br\/es\/wp-content\/uploads\/2025\/06\/5-comunidades-para-visitar-no-rio-de-janeiro-300x128.webp 300w, https:\/\/bamboorio.com.br\/es\/wp-content\/uploads\/2025\/06\/5-comunidades-para-visitar-no-rio-de-janeiro-1024x438.webp 1024w, https:\/\/bamboorio.com.br\/es\/wp-content\/uploads\/2025\/06\/5-comunidades-para-visitar-no-rio-de-janeiro-768x328.webp 768w\" sizes=\"(max-width: 1170px) 100vw, 1170px\" \/><\/div>\n\t\t<\/a>\n\t\t\t\t<div class=\"elementor-post__text\">\n\t\t\t\t<h3 class=\"elementor-post__title\">\n\t\t\t<a href=\"https:\/\/bamboorio.com.br\/es\/5-comunidades-que-visitar-en-rio-de-janeiro\/\" >\n\t\t\t\t5 comunidades que visitar en R\u00edo de Janeiro\t\t\t<\/a>\n\t\t<\/h3>\n\t\t\t\t<div class=\"elementor-post__excerpt\">\n\t\t\t<p>Quien creci\u00f3 en una gran ciudad o \u00e1rea metropolitana brasile\u00f1a puede no estar muy interesado en el turismo en comunidades. Aunque tengan sus peculiaridades, casi<\/p>\n\t\t<\/div>\n\t\t\n\t\t<a class=\"elementor-post__read-more\" href=\"https:\/\/bamboorio.com.br\/es\/5-comunidades-que-visitar-en-rio-de-janeiro\/\" aria-label=\"M\u00e1s informaci\u00f3n sobre 5 comunidades que visitar en R\u00edo de Janeiro\" tabindex=\"-1\" >\n\t\t\tLeer m\u00e1s \u00bb\t\t<\/a>\n\n\t\t\t\t<\/div>\n\t\t\t\t<\/article>\n\t\t\t\t<article class=\"elementor-post elementor-grid-item post-1473 post type-post status-publish format-standard has-post-thumbnail hentry category-sem-categoria\" role=\"listitem\">\n\t\t\t\t<a class=\"elementor-post__thumbnail__link\" href=\"https:\/\/bamboorio.com.br\/es\/en-los-albergues-no-solo-se-ahorra-dinero-tambien-se-viaja-con-estilo\/\" tabindex=\"-1\" >\n\t\t\t<div class=\"elementor-post__thumbnail\"><img decoding=\"async\" width=\"800\" height=\"534\" src=\"https:\/\/bamboorio.com.br\/es\/wp-content\/uploads\/2025\/05\/bamboo-rio-hostel-fachada.webp\" class=\"attachment-full size-full wp-image-780\" alt=\"\" srcset=\"https:\/\/bamboorio.com.br\/es\/wp-content\/uploads\/2025\/05\/bamboo-rio-hostel-fachada.webp 800w, https:\/\/bamboorio.com.br\/es\/wp-content\/uploads\/2025\/05\/bamboo-rio-hostel-fachada-300x200.webp 300w, https:\/\/bamboorio.com.br\/es\/wp-content\/uploads\/2025\/05\/bamboo-rio-hostel-fachada-768x513.webp 768w\" sizes=\"(max-width: 800px) 100vw, 800px\" \/><\/div>\n\t\t<\/a>\n\t\t\t\t<div class=\"elementor-post__text\">\n\t\t\t\t<h3 class=\"elementor-post__title\">\n\t\t\t<a href=\"https:\/\/bamboorio.com.br\/es\/en-los-albergues-no-solo-se-ahorra-dinero-tambien-se-viaja-con-estilo\/\" >\n\t\t\t\tEn los albergues no s\u00f3lo se ahorra dinero, tambi\u00e9n se viaja con estilo\t\t\t<\/a>\n\t\t<\/h3>\n\t\t\t\t<div class=\"elementor-post__excerpt\">\n\t\t\t<p>Muchos turistas ven en los albergues una opci\u00f3n para ahorrar dinero. Los mochileros, por su parte, combinan lo \u00fatil con lo agradable: pueden ahorrar dinero<\/p>\n\t\t<\/div>\n\t\t\n\t\t<a class=\"elementor-post__read-more\" href=\"https:\/\/bamboorio.com.br\/es\/en-los-albergues-no-solo-se-ahorra-dinero-tambien-se-viaja-con-estilo\/\" aria-label=\"M\u00e1s informaci\u00f3n sobre En los albergues no s\u00f3lo se ahorra dinero, tambi\u00e9n se viaja con estilo\" tabindex=\"-1\" >\n\t\t\tLeer m\u00e1s \u00bb\t\t<\/a>\n\n\t\t\t\t<\/div>\n\t\t\t\t<\/article>\n\t\t\t\t<\/div>\n\t\t\n\t\t\t\t\t\t<\/div>\n\t\t\t\t<\/div>\n\t\t\t\t<\/div>\n\t\t<div class=\"elementor-element elementor-element-d4c1734 e-con-full e-flex e-con e-child\" data-id=\"d4c1734\" data-element_type=\"container\">\n\t\t\t\t<div class=\"elementor-element elementor-element-021c5c0 elementor-widget elementor-widget-sitemap\" data-id=\"021c5c0\" data-element_type=\"widget\" data-widget_type=\"sitemap.default\">\n\t\t\t\t\t<div class=\"elementor-sitemap-wrap\"><div class=\"elementor-sitemap-section\"><h3 class=\"elementor-sitemap-title elementor-sitemap-post-title\">Publicaciones recientes<\/h3><ul class=\"elementor-sitemap-list elementor-sitemap-post-list\"><li class=\"elementor-sitemap-item elementor-sitemap-item-post page_item page-item-1495\"><a rel=\"nofollow\" href=\"https:\/\/bamboorio.com.br\/es\/10-cosas-que-hacer-en-rio-en-un-dia-lluvioso\/\">10 cosas que hacer en R\u00edo en un d\u00eda lluvioso<\/a><\/li><li class=\"elementor-sitemap-item elementor-sitemap-item-post page_item page-item-1488\"><a rel=\"nofollow\" href=\"https:\/\/bamboorio.com.br\/es\/5-comunidades-que-visitar-en-rio-de-janeiro\/\">5 comunidades que visitar en R\u00edo de Janeiro<\/a><\/li><li class=\"elementor-sitemap-item elementor-sitemap-item-post page_item page-item-1473\"><a rel=\"nofollow\" href=\"https:\/\/bamboorio.com.br\/es\/en-los-albergues-no-solo-se-ahorra-dinero-tambien-se-viaja-con-estilo\/\">En los albergues no s\u00f3lo se ahorra dinero, tambi\u00e9n se viaja con estilo<\/a><\/li><\/ul><\/div><\/div>\t\t\t\t<\/div>\n\t\t\t\t<div class=\"elementor-element elementor-element-06ca5ba elementor-hidden-tablet elementor-hidden-mobile elementor-widget elementor-widget-heading\" data-id=\"06ca5ba\" data-element_type=\"widget\" data-widget_type=\"heading.default\">\n\t\t\t\t\t<h3 class=\"elementor-heading-title elementor-size-default\">S\u00edganos en las redes sociales<\/h3>\t\t\t\t<\/div>\n\t\t\t\t<div class=\"elementor-element elementor-element-87164f0 e-grid-align-left elementor-shape-circle elementor-hidden-tablet elementor-hidden-mobile elementor-grid-0 elementor-widget elementor-widget-social-icons\" data-id=\"87164f0\" data-element_type=\"widget\" data-widget_type=\"social-icons.default\">\n\t\t\t\t\t\t\t<div class=\"elementor-social-icons-wrapper elementor-grid\" role=\"list\">\n\t\t\t\t\t\t\t<span class=\"elementor-grid-item\" role=\"listitem\">\n\t\t\t\t\t<a class=\"elementor-icon elementor-social-icon elementor-social-icon-facebook elementor-repeater-item-3156337\" href=\"https:\/\/www.facebook.com\/bamboobuzios\" target=\"_blank\">\n\t\t\t\t\t\t<span class=\"elementor-screen-only\">Facebook<\/span>\n\t\t\t\t\t\t<svg aria-hidden=\"true\" class=\"e-font-icon-svg e-fab-facebook\" viewBox=\"0 0 512 512\" xmlns=\"http:\/\/www.w3.org\/2000\/svg\"><path d=\"M504 256C504 119 393 8 256 8S8 119 8 256c0 123.78 90.69 226.38 209.25 245V327.69h-63V256h63v-54.64c0-62.15 37-96.48 93.67-96.48 27.14 0 55.52 4.84 55.52 4.84v61h-31.28c-30.8 0-40.41 19.12-40.41 38.73V256h68.78l-11 71.69h-57.78V501C413.31 482.38 504 379.78 504 256z\"><\/path><\/svg>\t\t\t\t\t<\/a>\n\t\t\t\t<\/span>\n\t\t\t\t\t\t\t<span class=\"elementor-grid-item\" role=\"listitem\">\n\t\t\t\t\t<a class=\"elementor-icon elementor-social-icon elementor-social-icon-youtube elementor-repeater-item-7a43823\" href=\"https:\/\/www.youtube.com\/channel\/UC7iPQk3gARw9MthzPX3akiA\" target=\"_blank\">\n\t\t\t\t\t\t<span class=\"elementor-screen-only\">Youtube<\/span>\n\t\t\t\t\t\t<svg aria-hidden=\"true\" class=\"e-font-icon-svg e-fab-youtube\" viewBox=\"0 0 576 512\" xmlns=\"http:\/\/www.w3.org\/2000\/svg\"><path d=\"M549.655 124.083c-6.281-23.65-24.787-42.276-48.284-48.597C458.781 64 288 64 288 64S117.22 64 74.629 75.486c-23.497 6.322-42.003 24.947-48.284 48.597-11.412 42.867-11.412 132.305-11.412 132.305s0 89.438 11.412 132.305c6.281 23.65 24.787 41.5 48.284 47.821C117.22 448 288 448 288 448s170.78 0 213.371-11.486c23.497-6.321 42.003-24.171 48.284-47.821 11.412-42.867 11.412-132.305 11.412-132.305s0-89.438-11.412-132.305zm-317.51 213.508V175.185l142.739 81.205-142.739 81.201z\"><\/path><\/svg>\t\t\t\t\t<\/a>\n\t\t\t\t<\/span>\n\t\t\t\t\t\t\t<span class=\"elementor-grid-item\" role=\"listitem\">\n\t\t\t\t\t<a class=\"elementor-icon elementor-social-icon elementor-social-icon-instagram elementor-repeater-item-da9181d\" href=\"https:\/\/www.instagram.com\/bamboobuzioshostel\/\" target=\"_blank\">\n\t\t\t\t\t\t<span class=\"elementor-screen-only\">Instagram<\/span>\n\t\t\t\t\t\t<svg aria-hidden=\"true\" class=\"e-font-icon-svg e-fab-instagram\" viewBox=\"0 0 448 512\" xmlns=\"http:\/\/www.w3.org\/2000\/svg\"><path d=\"M224.1 141c-63.6 0-114.9 51.3-114.9 114.9s51.3 114.9 114.9 114.9S339 319.5 339 255.9 287.7 141 224.1 141zm0 189.6c-41.1 0-74.7-33.5-74.7-74.7s33.5-74.7 74.7-74.7 74.7 33.5 74.7 74.7-33.6 74.7-74.7 74.7zm146.4-194.3c0 14.9-12 26.8-26.8 26.8-14.9 0-26.8-12-26.8-26.8s12-26.8 26.8-26.8 26.8 12 26.8 26.8zm76.1 27.2c-1.7-35.9-9.9-67.7-36.2-93.9-26.2-26.2-58-34.4-93.9-36.2-37-2.1-147.9-2.1-184.9 0-35.8 1.7-67.6 9.9-93.9 36.1s-34.4 58-36.2 93.9c-2.1 37-2.1 147.9 0 184.9 1.7 35.9 9.9 67.7 36.2 93.9s58 34.4 93.9 36.2c37 2.1 147.9 2.1 184.9 0 35.9-1.7 67.7-9.9 93.9-36.2 26.2-26.2 34.4-58 36.2-93.9 2.1-37 2.1-147.8 0-184.8zM398.8 388c-7.8 19.6-22.9 34.7-42.6 42.6-29.5 11.7-99.5 9-132.1 9s-102.7 2.6-132.1-9c-19.6-7.8-34.7-22.9-42.6-42.6-11.7-29.5-9-99.5-9-132.1s-2.6-102.7 9-132.1c7.8-19.6 22.9-34.7 42.6-42.6 29.5-11.7 99.5-9 132.1-9s102.7-2.6 132.1 9c19.6 7.8 34.7 22.9 42.6 42.6 11.7 29.5 9 99.5 9 132.1s2.7 102.7-9 132.1z\"><\/path><\/svg>\t\t\t\t\t<\/a>\n\t\t\t\t<\/span>\n\t\t\t\t\t<\/div>\n\t\t\t\t\t\t<\/div>\n\t\t\t\t<\/div>\n\t\t\t\t\t<\/div>\n\t\t\t\t<\/div>\n\t\t\t\t<\/div>\n\t\t","protected":false},"excerpt":{"rendered":"<p>S\u00edganos en las redes sociales Facebook Youtube Instagram<\/p>\n","protected":false},"author":1,"featured_media":0,"parent":0,"menu_order":0,"comment_status":"closed","ping_status":"closed","template":"elementor_header_footer","meta":{"footnotes":""},"class_list":["post-500","page","type-page","status-publish","hentry"],"_links":{"self":[{"href":"https:\/\/bamboorio.com.br\/es\/wp-json\/wp\/v2\/pages\/500","targetHints":{"allow":["GET"]}}],"collection":[{"href":"https:\/\/bamboorio.com.br\/es\/wp-json\/wp\/v2\/pages"}],"about":[{"href":"https:\/\/bamboorio.com.br\/es\/wp-json\/wp\/v2\/types\/page"}],"author":[{"embeddable":true,"href":"https:\/\/bamboorio.com.br\/es\/wp-json\/wp\/v2\/users\/1"}],"replies":[{"embeddable":true,"href":"https:\/\/bamboorio.com.br\/es\/wp-json\/wp\/v2\/comments?post=500"}],"version-history":[{"count":0,"href":"https:\/\/bamboorio.com.br\/es\/wp-json\/wp\/v2\/pages\/500\/revisions"}],"wp:attachment":[{"href":"https:\/\/bamboorio.com.br\/es\/wp-json\/wp\/v2\/media?parent=500"}],"curies":[{"name":"wp","href":"https:\/\/api.w.org\/{rel}","templated":true}]}}